{"id":656,"date":"2025-04-20T01:52:43","date_gmt":"2025-04-20T01:52:43","guid":{"rendered":"https:\/\/www.garywarner.net\/?page_id=656"},"modified":"2025-04-20T04:42:55","modified_gmt":"2025-04-20T04:42:55","slug":"reductive-biennale","status":"publish","type":"page","link":"https:\/\/www.garywarner.net\/?page_id=656","title":{"rendered":"reductive biennale"},"content":{"rendered":"\n<p><img loading=\"lazy\" decoding=\"async\" class=\"aligncenter size-medium wp-image-654\" src=\"http:\/\/www.garywarner.net\/wp-content\/uploads\/2025\/04\/OCHROMO_UTS_sigange_w-600x450.jpg\" alt=\"\" width=\"600\" height=\"450\" srcset=\"https:\/\/www.garywarner.net\/wp-content\/uploads\/2025\/04\/OCHROMO_UTS_sigange_w-600x450.jpg 600w, https:\/\/www.garywarner.net\/wp-content\/uploads\/2025\/04\/OCHROMO_UTS_sigange_w-768x576.jpg 768w, https:\/\/www.garywarner.net\/wp-content\/uploads\/2025\/04\/OCHROMO_UTS_sigange_w-150x113.jpg 150w, https:\/\/www.garywarner.net\/wp-content\/uploads\/2025\/04\/OCHROMO_UTS_sigange_w-400x300.jpg 400w, https:\/\/www.garywarner.net\/wp-content\/uploads\/2025\/04\/OCHROMO_UTS_sigange_w.jpg 1000w\" sizes=\"auto, (max-width: 600px) 100vw, 600px\" \/><\/p>\n\n\n\n<p>I was invited to participate in The 3rd Australian Biennale of Reductive Art staged at the University of Technology, Sydney over December 2023-January 2024. In Ochromosonico (Sean Lowry, Mark Titmarsh, Gary Warner) I created a new site-specific visuals track for a soundscape created by Sean and Mark. <em>Errorland<\/em> was presented as part of a video art compendium screened on a panoramic video screen facing onto Sydney&#8217;s busy Broadway Road.<\/p>\n<p><img loading=\"lazy\" decoding=\"async\" class=\"aligncenter size-medium wp-image-653\" src=\"http:\/\/www.garywarner.net\/wp-content\/uploads\/2025\/04\/Sierpinski_w-600x600.jpg\" alt=\"\" width=\"600\" height=\"600\" srcset=\"https:\/\/www.garywarner.net\/wp-content\/uploads\/2025\/04\/Sierpinski_w-600x600.jpg 600w, https:\/\/www.garywarner.net\/wp-content\/uploads\/2025\/04\/Sierpinski_w-150x150.jpg 150w, https:\/\/www.garywarner.net\/wp-content\/uploads\/2025\/04\/Sierpinski_w-768x768.jpg 768w, https:\/\/www.garywarner.net\/wp-content\/uploads\/2025\/04\/Sierpinski_w-400x400.jpg 400w, https:\/\/www.garywarner.net\/wp-content\/uploads\/2025\/04\/Sierpinski_w.jpg 1000w\" sizes=\"auto, (max-width: 600px) 100vw, 600px\" \/><\/p>\n<p>I created a Sierpi\u0144ski radiation constructed from aluminium equilateral triangles hand-cut from craft beer tins for the Biennale&#8217;s gallery exhibition. The surface of each triangle was hand-marked in two registers &#8211; with sandpaper to create a swirling overall chaos of reflective micro-inscription, and with a matte white Posca paint pen to delineate a further (imperfect) iteration of the equilateral ideal.<span class=\"Apple-converted-space\">\u00a0 <\/span>Inevitably, each triangle is slightly different from its neighbours. The aggregate form of this site-specific assemblage establishes and explores various perceptual oscillations &#8211;<span class=\"Apple-converted-space\">\u00a0 <\/span>the immaterial mathematical ideal and its material approximation; occupied and negative space; reflection and absorption; abstraction and figuration.<\/p>\n<p>Wac\u0142aw Sierpi\u0144ski (1882-1969) was a prolific, influential Polish mathematician and number theorist. This work utilises the Sierpi\u0144ski gasket, a reductively simple yet confounding complex fractal form named for him, though it was present in various cultures before his mathematical description.\u00a0<\/p>\n","protected":false},"excerpt":{"rendered":"\n<\/p>\n<p>I was invited to participate in The 3rd Australian Biennale of Reductive Art staged at the University of Technology, Sydney over December 2023-January 2024. In Ochromosonico (Sean Lowry, Mark Titmarsh, Gary Warner) I created a new site-specific visuals track for a soundscape created by Sean and Mark. Errorland was presented as part of [&#8230;]<\/p>\n","protected":false},"author":1,"featured_media":0,"parent":0,"menu_order":39,"comment_status":"closed","ping_status":"closed","template":"","meta":{"footnotes":""},"class_list":["post-656","page","type-page","status-publish","hentry","odd"],"_links":{"self":[{"href":"https:\/\/www.garywarner.net\/index.php?rest_route=\/wp\/v2\/pages\/656","targetHints":{"allow":["GET"]}}],"collection":[{"href":"https:\/\/www.garywarner.net\/index.php?rest_route=\/wp\/v2\/pages"}],"about":[{"href":"https:\/\/www.garywarner.net\/index.php?rest_route=\/wp\/v2\/types\/page"}],"author":[{"embeddable":true,"href":"https:\/\/www.garywarner.net\/index.php?rest_route=\/wp\/v2\/users\/1"}],"replies":[{"embeddable":true,"href":"https:\/\/www.garywarner.net\/index.php?rest_route=%2Fwp%2Fv2%2Fcomments&post=656"}],"version-history":[{"count":1,"href":"https:\/\/www.garywarner.net\/index.php?rest_route=\/wp\/v2\/pages\/656\/revisions"}],"predecessor-version":[{"id":657,"href":"https:\/\/www.garywarner.net\/index.php?rest_route=\/wp\/v2\/pages\/656\/revisions\/657"}],"wp:attachment":[{"href":"https:\/\/www.garywarner.net\/index.php?rest_route=%2Fwp%2Fv2%2Fmedia&parent=656"}],"curies":[{"name":"wp","href":"https:\/\/api.w.org\/{rel}","templated":true}]}}